{"id":5,"date":"2021-04-23T15:10:22","date_gmt":"2021-04-23T13:10:22","guid":{"rendered":"http:\/\/guibb.eximeo.net\/?page_id=5"},"modified":"2021-05-20T15:14:38","modified_gmt":"2021-05-20T13:14:38","slug":"creez-votre-site-avec-des-blocs","status":"publish","type":"page","link":"https:\/\/guibb.com\/","title":{"rendered":"Accueil"},"content":{"rendered":"\n<p><strong>Soci\u00e9t\u00e9 Fran\u00e7aise sp\u00e9cialis\u00e9e exclusivement dans les ventilateurs de plafonds depuis 1991 situ\u00e9e dans la banlieue de Strasbourg.<\/strong><\/p>\n\n\n\n<p><strong>N\u2019h\u00e9sitez pas \u00e0 nous appeler, ce type de produit requiert des conseils, toutes nos ventes passent par un contact, au moins t\u00e9l\u00e9phonique avec nos clients<\/strong><\/p>\n\n\n\n<p><strong>Nous sommes importateur exclusif pour la France&nbsp; de Hunter&nbsp; USA , leader mondial du ventilateur de plafond haut de gamme et inventeur du produit en 1886.<\/strong><strong><\/strong><\/p>\n\n\n\n<p><strong>Les moteurs Hunter sont pour la plupart garantis \u00e0 vie, traduisant la tr\u00e8s grande qualit\u00e9 des composants.<\/strong><strong><\/strong><\/p>\n\n\n\n<p><strong>Nous distribuons \u00e9galement&nbsp; en France la marque <a href=\"https:\/\/www.casafan.fr\/achat-casafan\" target=\"_blank\" rel=\"noreferrer noopener\">CASAFAN Allemagne<\/a>,&nbsp;sp\u00e9cialis\u00e9 dans la nouvelle g\u00e9n\u00e9ration de ventilateurs de plafond DC \u00e0 courant continu et commutation \u00e9lectronique, et consommant 2 \u00e0 3 fois moins d\u2019\u00e9nergie que les moteurs asynchrones classiques, pour un m\u00eame brassage d\u2019air.<\/strong><\/p>\n\n\n\n<p><strong>Notre client\u00e8le est essentiellement professionnelle, nous travaillons avec les prescripteurs, d\u00e9corateurs, architectes d\u2019int\u00e9rieur, revendeurs et installateurs, mais nous int\u00e9ressons aussi la client\u00e8le des particuliers d\u00e9sirant s\u2019approcher de la qualit\u00e9 professionnelle<\/strong><\/p>\n\n\n\n<p><strong>Le pr\u00e9sent site remplace temporairement&nbsp; l\u2019ancien site guibb.com. Le tout nouveau site sera op\u00e9rationnel dans quelques semaines.<\/strong><strong><\/strong><\/p>\n\n\n\n<p><strong>Vous pouvez t\u00e9l\u00e9charger nos catalogues et obtenir bien plus d\u2019informations ( tarifs, notices techniques, fiches produits) en remplissant notre rubrique contact<\/strong><\/p>\n\n\n\n<p><strong>Bien cordialement et \u00e0 bient\u00f4t sur le nouveau site.<\/strong><\/p>\n\n\n\n<p><strong>Claude Pichegru<\/strong><br><strong>G\u00e9rant<\/strong><\/p>\n\n\n\n<div class=\"wp-block-columns is-layout-flex wp-container-core-columns-is-layout-9d6595d7 wp-block-columns-is-layout-flex\">\n<div class=\"wp-block-column is-layout-flow wp-block-column-is-layout-flow\">\n<p><strong><em><u>Bureaux et Si\u00e8ge social<\/u>.<\/em><\/strong><br><strong>GUIBB SARL<br>95 RUE DU MARECHAL FOCH<br>67380 LINGOLSHEIM<br>TEL 03 88 77 80 70<br>FAX 03 88 77 80 90<\/strong><\/p>\n\n\n\n<p><strong><em>&nbsp;<\/em><\/strong><\/p>\n<\/div>\n\n\n\n<div class=\"wp-block-column is-layout-flow wp-block-column-is-layout-flow\">\n<p><strong><em><u><strong><em><u>Entrep\u00f4t<\/u><\/em><\/strong><\/u><\/em><\/strong><br><strong>GUIBB SARL<br><strong>JCP LOGISTICS<\/strong><\/strong><br><strong>31 RUE DE BAYONNE<\/strong><br><strong>ZONE PORTUAIRE SUD<\/strong><br><strong>67000 STRASBOURG<\/strong><\/p>\n<\/div>\n<\/div>\n\n\n\n<div class=\"wp-block-columns is-layout-flex wp-container-core-columns-is-layout-9d6595d7 wp-block-columns-is-layout-flex\">\n<div class=\"wp-block-column is-layout-flow wp-block-column-is-layout-flow\" style=\"flex-basis:100%\">\n<div class=\"wp-block-columns is-layout-flex wp-container-core-columns-is-layout-9d6595d7 wp-block-columns-is-layout-flex\">\n<div class=\"wp-block-column is-layout-flow wp-block-column-is-layout-flow\" style=\"flex-basis:100%\">\n<div class=\"wp-block-buttons is-layout-flex wp-block-buttons-is-layout-flex\">\n<div class=\"wp-block-button has-custom-width wp-block-button__width-100 is-style-outline is-style-outline--1\"><a class=\"wp-block-button__link has-black-color has-text-color has-background no-border-radius\" href=\"https:\/\/guibb.com\/wp-content\/uploads\/2021\/05\/2021-HUNTER-CATALOGUE-220V50-HZ-EUROPE.pdf\" style=\"background-color:#f7f7f7\" target=\"_blank\" rel=\"noreferrer noopener\">TELECHARGER NOTRE CATALOGUE<\/a><\/div>\n\n\n\n<div class=\"wp-block-button has-custom-width wp-block-button__width-100 is-style-outline is-style-outline--2\"><a class=\"wp-block-button__link has-black-color has-text-color has-background no-border-radius\" href=\"https:\/\/guibb.com\/wp-content\/uploads\/2021\/05\/2021-HUNTER-CATALOGUE-220V50-HZ-EUROPE.pdf\" style=\"background-color:#f7f7f7\" target=\"_blank\" rel=\"noreferrer noopener\">RARETES&nbsp;:&nbsp; HUNTER &nbsp;VINTAGE et &nbsp;ART DECO<\/a><\/div>\n<\/div>\n<\/div>\n<\/div>\n\n\n\n<h2 class=\"wp-block-heading\">Contactez-nous<\/h2>\n<\/div>\n<\/div>\n\n\n\n<div class=\"wp-block-columns is-layout-flex wp-container-core-columns-is-layout-9d6595d7 wp-block-columns-is-layout-flex\">\n<div class=\"wp-block-column is-layout-flow wp-block-column-is-layout-flow\"><div role=\"form\" class=\"wpcf7\" id=\"wpcf7-f48-o1\" lang=\"fr-FR\" dir=\"ltr\">\n<div class=\"screen-reader-response\"><p role=\"status\" aria-live=\"polite\" aria-atomic=\"true\"><\/p> <ul><\/ul><\/div>\n<form action=\"\/index.php?rest_route=%2Fwp%2Fv2%2Fpages%2F5#wpcf7-f48-o1\" method=\"post\" class=\"wpcf7-form init\" novalidate=\"novalidate\" data-status=\"init\">\n<div style=\"display: none;\">\n<input type=\"hidden\" name=\"_wpcf7\" value=\"48\" \/>\n<input type=\"hidden\" name=\"_wpcf7_version\" value=\"5.4\" \/>\n<input type=\"hidden\" name=\"_wpcf7_locale\" value=\"fr_FR\" \/>\n<input type=\"hidden\" name=\"_wpcf7_unit_tag\" value=\"wpcf7-f48-o1\" \/>\n<input type=\"hidden\" name=\"_wpcf7_container_post\" value=\"0\" \/>\n<input type=\"hidden\" name=\"_wpcf7_posted_data_hash\" value=\"\" \/>\n<\/div>\n<p><label> Votre nom<br \/>\n    <span class=\"wpcf7-form-control-wrap your-name\"><input type=\"text\" name=\"your-name\" value=\"\" size=\"40\" class=\"wpcf7-form-control wpcf7-text wpcf7-validates-as-required\" aria-required=\"true\" aria-invalid=\"false\" \/><\/span> <\/label><\/p>\n<p><label> Votre e-mail<br \/>\n    <span class=\"wpcf7-form-control-wrap your-email\"><input type=\"email\" name=\"your-email\" value=\"\" size=\"40\" class=\"wpcf7-form-control wpcf7-text wpcf7-email wpcf7-validates-as-required wpcf7-validates-as-email\" aria-required=\"true\" aria-invalid=\"false\" \/><\/span> <\/label><\/p>\n<p><label> Objet<br \/>\n    <span class=\"wpcf7-form-control-wrap your-subject\"><input type=\"text\" name=\"your-subject\" value=\"\" size=\"40\" class=\"wpcf7-form-control wpcf7-text wpcf7-validates-as-required\" aria-required=\"true\" aria-invalid=\"false\" \/><\/span> <\/label><\/p>\n<p><label> Votre message (facultatif)<br \/>\n    <span class=\"wpcf7-form-control-wrap your-message\"><textarea name=\"your-message\" cols=\"40\" rows=\"10\" class=\"wpcf7-form-control wpcf7-textarea\" aria-invalid=\"false\"><\/textarea><\/span> <\/label><\/p>\n<p><input type=\"submit\" value=\"Envoyer\" class=\"wpcf7-form-control wpcf7-submit\" \/><\/p>\n<div class=\"wpcf7-response-output\" aria-hidden=\"true\"><\/div><\/form><\/div>\n\n\n\n<p><\/p>\n<\/div>\n<\/div>\n","protected":false},"excerpt":{"rendered":"<p>Soci\u00e9t\u00e9 Fran\u00e7aise sp\u00e9cialis\u00e9e exclusivement dans les ventilateurs de plafonds depuis 1991 situ\u00e9e dans la banlieue de Strasbourg. N\u2019h\u00e9sitez pas \u00e0 nous appeler, ce type de produit requiert des conseils, toutes nos ventes passent par un contact, au moins t\u00e9l\u00e9phonique avec nos clients Nous sommes importateur exclusif pour la France&nbsp; de Hunter&nbsp; USA , leader mondial [&hellip;]<\/p>\n","protected":false},"author":1,"featured_media":0,"parent":0,"menu_order":0,"comment_status":"closed","ping_status":"closed","template":"","meta":{"footnotes":""},"class_list":["post-5","page","type-page","status-publish","hentry"],"_links":{"self":[{"href":"https:\/\/guibb.com\/index.php?rest_route=\/wp\/v2\/pages\/5","targetHints":{"allow":["GET"]}}],"collection":[{"href":"https:\/\/guibb.com\/index.php?rest_route=\/wp\/v2\/pages"}],"about":[{"href":"https:\/\/guibb.com\/index.php?rest_route=\/wp\/v2\/types\/page"}],"author":[{"embeddable":true,"href":"https:\/\/guibb.com\/index.php?rest_route=\/wp\/v2\/users\/1"}],"replies":[{"embeddable":true,"href":"https:\/\/guibb.com\/index.php?rest_route=%2Fwp%2Fv2%2Fcomments&post=5"}],"version-history":[{"count":19,"href":"https:\/\/guibb.com\/index.php?rest_route=\/wp\/v2\/pages\/5\/revisions"}],"predecessor-version":[{"id":64,"href":"https:\/\/guibb.com\/index.php?rest_route=\/wp\/v2\/pages\/5\/revisions\/64"}],"wp:attachment":[{"href":"https:\/\/guibb.com\/index.php?rest_route=%2Fwp%2Fv2%2Fmedia&parent=5"}],"curies":[{"name":"wp","href":"https:\/\/api.w.org\/{rel}","templated":true}]}}